{"id":112,"date":"2023-01-02T09:14:29","date_gmt":"2023-01-02T08:14:29","guid":{"rendered":"https:\/\/bestwesternlemontparnasse.ms.decms.eu\/mentions-legales\/"},"modified":"2023-01-31T13:20:30","modified_gmt":"2023-01-31T12:20:30","slug":"legal-notice","status":"publish","type":"page","link":"https:\/\/www.hotel-le-montparnasse.com\/en\/legal-notice\/","title":{"rendered":"Legal notice"},"content":{"rendered":"<p align=\"left\">BEST WESTERN Hotel Le Montparnasse \u2013 RESIDENCE MONTPARNASSE ( hotel \u2013 hebergement)<\/p>\n<p align=\"left\">\u00a0Soci\u00e9t\u00e9 par actions simplifi\u00e9e au capital de 61560 euros<\/p>\n<p align=\"left\">37 Boulevard du Montparnasse 75006 PARIS<\/p>\n<p align=\"left\">RCS 572 203 362 RCS Paris<\/p>\n<p align=\"left\">Intracom VAT no.: FR31572203362<\/p>\n<p align=\"left\">T\u00e9l.: +33 (0)1.45.44.85.37 \u2013 Fax : +33 (0)1.42.22.69.40<\/p>\n<p align=\"left\">\u00a0The director of the publication is Mrs Laura Gallet<\/p>\n<p align=\"left\">E-mail address: reservation@hotel-le-montparnasse.com<\/p>\n<p align=\"left\">\u00a0The https:\/\/www.hotel-le-montparnasse.com website is hosted by the OVH company, 140 Quai du Sartel 59100 ROUBAIX<\/p>\n<p align=\"left\">Telephone number: +33 (0)899 701 761<\/p>\n<p align=\"left\">\u00a0https:\/\/www.hotel-le-montparnasse.com (the Website) is the exclusive property of RESIDENCE MONTPARNASSE ( hotel \u2013 hebergement). It was designed and created by FASTBOOKING &amp; HED SERVICES<\/p>\n<p align=\"left\">\u00a0Any Internet user shall fully accept and comply with the following conditions of use.<\/p>\n<p align=\"left\">The internet user already agrees to make the information contained on the Site solely for personal and non-commercial use. In the event that the Internet user does not comply with the stipulations of this Charter, their civil and\/or criminal liability may be incurred.<\/p>\n<p align=\"left\">\u00a01 \u2013 Content of the Site<\/p>\n<p align=\"left\">\u00a0It is operated by RESIDENCE MONTPARNASSE ( hotel \u2013 hebergement).<\/p>\n<p align=\"left\">It presents Internet users with the prices and services of the hotel. Online bookings can be made.<\/p>\n<p align=\"left\">\u00a0The presentation of the prices applied by RESIDENCE MONTPARNASSE ( hotel \u2013 hebergement) on the Site constitutes an offer to enter into a contract. It is also possible to contact RESIDENCE MONTPARNASSE ( hotel \u2013 hebergement) directly to obtain a customized sales proposal.<\/p>\n<p align=\"left\">\u00a02 \u2013 Intellectual property<\/p>\n<p align=\"left\">\u00a0The Site constitutes a work, the author of which is RESIDENCE MONTPARNASSE ( hotel \u2013 hebergement) according to articles L111.1 et sequens of the French intellectual property code.<\/p>\n<p align=\"left\">\u00a0Remember that the photographs contained on the Site are considered to be works of the human mind that benefit from copyright protection. Any unauthorised use of one or other of the photographs constitutes an act of infringement as stipulated by article L335-3 of the French intellectual property code.<\/p>\n<p align=\"left\">\u00a0In general, the data, programmes, musical samples, texts, logos, visual identities, animated or non-animated images and their formatting appearing on the Site are the property of RESIDENCE MONTPARNASSE ( hotel \u2013 hebergement) and are protected in this respect by the provisions of the of the French intellectual property code.<\/p>\n<p align=\"left\">\u00a0Any Internet user agrees not to use them and not to allow anyone else to use this content for illegal purposes.<\/p>\n<p align=\"left\">\u00a0Any representation or reproduction, total or partial, permanent or temporary, on an electronic medium and\/or paper, and by any procedure whatsoever (notably by means of framing*), of one or other of the elements of the Site or of the services proposed for sale, without the prior and explicit agreement of RESIDENCE MONTPARNASSE ( hotel \u2013 hebergement) is prohibited, and constitutes an infringement, that may give rise to civil judgments and\/or criminal sentences. Only printing on paper is authorised for the purpose of private copies for the exclusive use of the person making the copy in accordance with article L122-5 2 of the French intellectual property code.<\/p>\n<p align=\"left\">\u00a0No hypertext link to the Site can be installed without the prior and explicit agreement of RESIDENCE MONTPARNASSE ( hotel \u2013 hebergement).<\/p>\n<p align=\"left\">\u00a0*action of capturing the content of pages on a website to transfer them to one\u2019s own website by means of a hypertext link, passing off the said content as one\u2019s own.<\/p>\n<p align=\"left\">\u00a03 \u2013 Protection of personal data<\/p>\n<p align=\"left\">\u00a0The Internet user may be required to leave some personal data when filling in the forms that are available to them. This data must be entered for RESIDENCE MONTPARNASSE ( hotel \u2013 hebergement) to process the Internet user\u2019s request.<\/p>\n<p align=\"left\">\u00a0RESIDENCE MONTPARNASSE ( hotel \u2013 hebergement) agrees to comply with the provisions of the amended law no. 78-17 of 6 January 1978 in relation to data processing, files and freedoms and to take all the necessary precautions to preserve the safety of the nominative information entrusted. No personal information will be communicated to third party companies without the prior and informed consent of the Internet user.<\/p>\n<p align=\"left\">\u00a0The Internet user can, at any moment, exercise their right to access, rectify, delete or oppose the information that they supply during registration or subsequently, to RESIDENCE MONTPARNASSE ( hotel \u2013 hebergement) by writing to RESIDENCE MONTPARNASSE ( hotel \u2013 hebergement) 37 Boulevard du Montparnasse 75006 PARIS or by e-mail to reservation@hotel-le-montparnasse.com.<\/p>\n<p align=\"left\">\u00a04 \u2013 Cookies<\/p>\n<p align=\"left\">\u00a0RESIDENCE MONTPARNASSE ( hotel \u2013 hebergement) wishes to place a analytics cookie in the computer of the Internet user. A cookie is not used to identify the Internet user. It simply creates a random number that records the computer?s browsing information on the Site and the contracts subscribed by the Internet user. This information is kept for 13 months from the date of subscription.<\/p>\n<p align=\"left\">We inform you that you can oppose the registration of \u201ccookies\u201d by configuring your browser.<\/p>\n<p align=\"left\">Your browser\u2019s help menu will show you how to set or change your cookie preferences:<\/p>\n<p align=\"left\">For Internet Explorer\u2122:<\/p>\n<p align=\"left\">http:\/\/windows.microsoft.com\/en-us\/windows-vista\/block-or-allow-cookies,<\/p>\n<p align=\"left\">For Safari\u2122:<\/p>\n<p align=\"left\">http:\/\/support.apple.com\/kb\/ht1677,<\/p>\n<p align=\"left\">Pour Chrome\u2122:<\/p>\n<p align=\"left\">https:\/\/support.google.com\/chrome\/answer\/95647?hl=en&#038;hlrm=en,<\/p>\n<p align=\"left\">For Firefox\u2122:<\/p>\n<p align=\"left\">https:\/\/support.mozilla.org\/en-US\/kb\/enable-and-disable-cookies-website-preferences,<\/p>\n<p align=\"left\">For Opera\u2122:<\/p>\n<p align=\"left\">http:\/\/help.opera.com\/Windows\/10.20\/en\/cookies.html\u00b7<\/p>\n<p align=\"left\">\u00a0To refuse Google Analytics Cookies, click here<\/p>\n<p align=\"left\">\u00a05 \u2013 Liability<\/p>\n<p align=\"left\">\u00a0RESIDENCE MONTPARNASSE ( hotel \u2013 hebergement) declines any liability with respect to any malfunctions that may occur on the Site and that may lead to a loss of data or unavailable access to the information produced on the latter.<\/p>\n<p align=\"left\">\u00a0The elements present on the Site may be changed without prior notice and are made available to Internet users, without any guarantee of any sort, whether explicit or tacit.<\/p>\n<p align=\"left\">\u00a0The presence of hypertext links in the Site \u2013 irrespective of the prior existence or not of the agreement of RESIDENCE MONTPARNASSE ( hotel \u2013 hebergement) \u2013 does not create a joint and several liability between the latter and the owners of the other sites concerning the content of the sites to which the Internet user is directed.<\/p>\n<p align=\"left\">\u00a0RESIDENCE MONTPARNASSE ( hotel \u2013 hebergement) cannot guarantee the exhaustive nature and truthfulness of the information contained on the Site. Likewise, it cannot guarantee the absence of any modification by a third party (intrusion, virus).<\/p>\n<p align=\"left\">\u00a0Moreover, the Internet user is solely responsible for the use that they make of the Site. Apart from the sole gross negligence of RESIDENCE MONTPARNASSE ( hotel \u2013 hebergement), it can only be held liable for direct damage related to the use of the information produced on the Site.<\/p>\n<p align=\"left\">\u00a06 \u2013 Applicable law and jurisdiction<\/p>\n<p align=\"left\">\u00a0All the information broadcast on the Site and the use that is made of it are subject exclusively to French law. Only courts within the jurisdiction of the Court of Appeal of Paris have the jurisdiction to determine any disputes related to the use of the Site.<\/p>\n<p align=\"left\">\u00a0Updated on 15 April 2009<\/p>\n","protected":false},"excerpt":{"rendered":"<p>BEST WESTERN Hotel Le Montparnasse \u2013 RESIDENCE MONTPARNASSE ( hotel \u2013 hebergement) \u00a0Soci\u00e9t\u00e9 par actions simplifi\u00e9e au capital de 61560 euros 37 Boulevard du Montparnasse 75006 PARIS RCS 572 203 362 RCS Paris Intracom VAT no.: FR31572203362 T\u00e9l.: +33 (0)1.45.44.85.37 \u2013 Fax : +33 (0)1.42.22.69.40 \u00a0The director of the publication is Mrs Laura Gallet E-mail [&hellip;]<\/p>\n","protected":false},"author":531,"featured_media":0,"parent":0,"menu_order":0,"comment_status":"closed","ping_status":"closed","template":"","meta":{"footnotes":""},"class_list":["post-112","page","type-page","status-publish","hentry"],"yoast_head":"<!-- This site is optimized with the Yoast SEO plugin v26.9 - https:\/\/yoast.com\/product\/yoast-seo-wordpress\/ -->\n<title>Legal notice - Best Western Le Montparnasse<\/title>\n<meta name=\"description\" content=\"BEST WESTERN Hotel Le Montparnasse \u2013 RESIDENCE MONTPARNASSE ( hotel \u2013 hebergement) \u00a0Soci\u00e9t\u00e9 par actions simplifi\u00e9e au capital de 61560 euros 37 Boulevard\" \/>\n<meta name=\"robots\" content=\"index, follow, max-snippet:-1, max-image-preview:large, max-video-preview:-1\" \/>\n<link rel=\"canonical\" href=\"https:\/\/www.hotel-le-montparnasse.com\/en\/legal-notice\/\" \/>\n<meta property=\"og:locale\" content=\"en_US\" \/>\n<meta property=\"og:type\" content=\"article\" \/>\n<meta property=\"og:title\" content=\"Legal notice - Best Western Le Montparnasse\" \/>\n<meta property=\"og:description\" content=\"BEST WESTERN Hotel Le Montparnasse \u2013 RESIDENCE MONTPARNASSE ( hotel \u2013 hebergement) \u00a0Soci\u00e9t\u00e9 par actions simplifi\u00e9e au capital de 61560 euros 37 Boulevard\" \/>\n<meta property=\"og:url\" content=\"https:\/\/www.hotel-le-montparnasse.com\/en\/legal-notice\/\" \/>\n<meta property=\"og:site_name\" content=\"Best Western Le Montparnasse\" \/>\n<meta property=\"article:modified_time\" content=\"2023-01-31T12:20:30+00:00\" \/>\n<meta name=\"twitter:card\" content=\"summary_large_image\" \/>\n<meta name=\"twitter:label1\" content=\"Est. reading time\" \/>\n\t<meta name=\"twitter:data1\" content=\"6 minutes\" \/>\n<script type=\"application\/ld+json\" class=\"yoast-schema-graph\">{\"@context\":\"https:\/\/schema.org\",\"@graph\":[{\"@type\":\"WebPage\",\"@id\":\"https:\/\/www.hotel-le-montparnasse.com\/en\/legal-notice\/\",\"url\":\"https:\/\/www.hotel-le-montparnasse.com\/en\/legal-notice\/\",\"name\":\"Legal notice - Best Western Le Montparnasse\",\"isPartOf\":{\"@id\":\"https:\/\/www.hotel-le-montparnasse.com\/en\/#website\"},\"datePublished\":\"2023-01-02T08:14:29+00:00\",\"dateModified\":\"2023-01-31T12:20:30+00:00\",\"description\":\"BEST WESTERN Hotel Le Montparnasse \u2013 RESIDENCE MONTPARNASSE ( hotel \u2013 hebergement) \u00a0Soci\u00e9t\u00e9 par actions simplifi\u00e9e au capital de 61560 euros 37 Boulevard\",\"breadcrumb\":{\"@id\":\"https:\/\/www.hotel-le-montparnasse.com\/en\/legal-notice\/#breadcrumb\"},\"inLanguage\":\"en-US\",\"potentialAction\":[{\"@type\":\"ReadAction\",\"target\":[\"https:\/\/www.hotel-le-montparnasse.com\/en\/legal-notice\/\"]}]},{\"@type\":\"BreadcrumbList\",\"@id\":\"https:\/\/www.hotel-le-montparnasse.com\/en\/legal-notice\/#breadcrumb\",\"itemListElement\":[{\"@type\":\"ListItem\",\"position\":1,\"name\":\"Accueil\",\"item\":\"https:\/\/www.hotel-le-montparnasse.com\/en\/\"},{\"@type\":\"ListItem\",\"position\":2,\"name\":\"Legal notice\"}]},{\"@type\":\"WebSite\",\"@id\":\"https:\/\/www.hotel-le-montparnasse.com\/en\/#website\",\"url\":\"https:\/\/www.hotel-le-montparnasse.com\/en\/\",\"name\":\"Best Western Le Montparnasse\",\"description\":\"\",\"potentialAction\":[{\"@type\":\"SearchAction\",\"target\":{\"@type\":\"EntryPoint\",\"urlTemplate\":\"https:\/\/www.hotel-le-montparnasse.com\/en\/?s={search_term_string}\"},\"query-input\":{\"@type\":\"PropertyValueSpecification\",\"valueRequired\":true,\"valueName\":\"search_term_string\"}}],\"inLanguage\":\"en-US\"}]}<\/script>\n<!-- \/ Yoast SEO plugin. -->","yoast_head_json":{"title":"Legal notice - Best Western Le Montparnasse","description":"BEST WESTERN Hotel Le Montparnasse \u2013 RESIDENCE MONTPARNASSE ( hotel \u2013 hebergement) \u00a0Soci\u00e9t\u00e9 par actions simplifi\u00e9e au capital de 61560 euros 37 Boulevard","robots":{"index":"index","follow":"follow","max-snippet":"max-snippet:-1","max-image-preview":"max-image-preview:large","max-video-preview":"max-video-preview:-1"},"canonical":"https:\/\/www.hotel-le-montparnasse.com\/en\/legal-notice\/","og_locale":"en_US","og_type":"article","og_title":"Legal notice - Best Western Le Montparnasse","og_description":"BEST WESTERN Hotel Le Montparnasse \u2013 RESIDENCE MONTPARNASSE ( hotel \u2013 hebergement) \u00a0Soci\u00e9t\u00e9 par actions simplifi\u00e9e au capital de 61560 euros 37 Boulevard","og_url":"https:\/\/www.hotel-le-montparnasse.com\/en\/legal-notice\/","og_site_name":"Best Western Le Montparnasse","article_modified_time":"2023-01-31T12:20:30+00:00","twitter_card":"summary_large_image","twitter_misc":{"Est. reading time":"6 minutes"},"schema":{"@context":"https:\/\/schema.org","@graph":[{"@type":"WebPage","@id":"https:\/\/www.hotel-le-montparnasse.com\/en\/legal-notice\/","url":"https:\/\/www.hotel-le-montparnasse.com\/en\/legal-notice\/","name":"Legal notice - Best Western Le Montparnasse","isPartOf":{"@id":"https:\/\/www.hotel-le-montparnasse.com\/en\/#website"},"datePublished":"2023-01-02T08:14:29+00:00","dateModified":"2023-01-31T12:20:30+00:00","description":"BEST WESTERN Hotel Le Montparnasse \u2013 RESIDENCE MONTPARNASSE ( hotel \u2013 hebergement) \u00a0Soci\u00e9t\u00e9 par actions simplifi\u00e9e au capital de 61560 euros 37 Boulevard","breadcrumb":{"@id":"https:\/\/www.hotel-le-montparnasse.com\/en\/legal-notice\/#breadcrumb"},"inLanguage":"en-US","potentialAction":[{"@type":"ReadAction","target":["https:\/\/www.hotel-le-montparnasse.com\/en\/legal-notice\/"]}]},{"@type":"BreadcrumbList","@id":"https:\/\/www.hotel-le-montparnasse.com\/en\/legal-notice\/#breadcrumb","itemListElement":[{"@type":"ListItem","position":1,"name":"Accueil","item":"https:\/\/www.hotel-le-montparnasse.com\/en\/"},{"@type":"ListItem","position":2,"name":"Legal notice"}]},{"@type":"WebSite","@id":"https:\/\/www.hotel-le-montparnasse.com\/en\/#website","url":"https:\/\/www.hotel-le-montparnasse.com\/en\/","name":"Best Western Le Montparnasse","description":"","potentialAction":[{"@type":"SearchAction","target":{"@type":"EntryPoint","urlTemplate":"https:\/\/www.hotel-le-montparnasse.com\/en\/?s={search_term_string}"},"query-input":{"@type":"PropertyValueSpecification","valueRequired":true,"valueName":"search_term_string"}}],"inLanguage":"en-US"}]}},"acf":[],"_links":{"self":[{"href":"https:\/\/www.hotel-le-montparnasse.com\/en\/wp-json\/wp\/v2\/pages\/112","targetHints":{"allow":["GET"]}}],"collection":[{"href":"https:\/\/www.hotel-le-montparnasse.com\/en\/wp-json\/wp\/v2\/pages"}],"about":[{"href":"https:\/\/www.hotel-le-montparnasse.com\/en\/wp-json\/wp\/v2\/types\/page"}],"author":[{"embeddable":true,"href":"https:\/\/www.hotel-le-montparnasse.com\/en\/wp-json\/wp\/v2\/users\/531"}],"replies":[{"embeddable":true,"href":"https:\/\/www.hotel-le-montparnasse.com\/en\/wp-json\/wp\/v2\/comments?post=112"}],"version-history":[{"count":0,"href":"https:\/\/www.hotel-le-montparnasse.com\/en\/wp-json\/wp\/v2\/pages\/112\/revisions"}],"wp:attachment":[{"href":"https:\/\/www.hotel-le-montparnasse.com\/en\/wp-json\/wp\/v2\/media?parent=112"}],"curies":[{"name":"wp","href":"https:\/\/api.w.org\/{rel}","templated":true}]}}